{"id":93667,"date":"2024-05-13T10:19:03","date_gmt":"2024-05-13T10:19:03","guid":{"rendered":"https:\/\/horecacenter.com\/?post_type=product&#038;p=93667"},"modified":"2026-01-02T07:29:33","modified_gmt":"2026-01-02T07:29:33","slug":"table-a-manger-dublin-bleu-melamine-panneaux-de-particules","status":"publish","type":"product","link":"https:\/\/horecacenter.com\/fr\/produit\/table-a-manger-dublin-bleu-melamine-panneaux-de-particules\/","title":{"rendered":"Table \u00e0 Manger Pour Restaurant Avec Pied &#8211; DUBLIN BLEU &#8211; M\u00e9lamine\/Panneaux De Particules"},"content":{"rendered":"<p><i class=\"fas fa-check-circle description-icon-green\" aria-hidden=\"true\"><\/i><span style=\"color: #ff6600;\"> Les tables ne sont pas assembl\u00e9es.<\/span><br \/>\n<i class=\"fas fa-check-circle description-icon-green\" aria-hidden=\"true\"><\/i><span style=\"color: #339966;\"> Les plateaux de table ne sont pas pr\u00e9-perc\u00e9s.<\/span><br \/>\n<i class=\"fas fa-check-circle description-icon-green\" aria-hidden=\"true\"><\/i><span style=\"color: #ff6600;\"> Les vis sont incluses si les plateaux de table sont command\u00e9s avec les pieds de table.<\/span><br \/>\n<i class=\"fas fa-check-circle description-icon-green\" aria-hidden=\"true\"><\/i><span style=\"color: #339966;\"> Le mat\u00e9riel n\u00e9cessaire pour l\u2019assemblage est inclus dans la bo\u00eete.<\/span><\/p>\n","protected":false},"excerpt":{"rendered":"<p>Les tables ne sont pas assembl\u00e9es. Les plateaux de table ne sont pas pr\u00e9-perc\u00e9s. Les vis sont incluses si les<\/p>\n","protected":false},"featured_media":93668,"comment_status":"open","ping_status":"closed","template":"","meta":[],"product_brand":[],"product_cat":[10364,10368,10516,10372],"product_tag":[10730,10731,10732,10733,10744,10745,10748,10749,10750,10660,10664,10665,10666,10667,10727,10729],"class_list":{"0":"post-93667","1":"product","2":"type-product","3":"status-publish","4":"has-post-thumbnail","6":"product_cat-tables-a-manger","7":"product_cat-tables-a-manger-fr","8":"product_cat-dublin-bleu-assortiment-de-table","9":"product_cat-tables-a-manger-fr-2","10":"product_tag-tables-5","11":"product_tag-tables-horeca","12":"product_tag-horeca-tables","13":"product_tag-tische-3","14":"product_tag-tafel-onderstel","15":"product_tag-restaurant-tafels","16":"product_tag-restaurant-tables","17":"product_tag-restaurant-tabellen","18":"product_tag-horeca-tabellen","19":"product_tag-restaurant-meubelen","20":"product_tag-restaurant-furniture","21":"product_tag-restaurant-m-bel","22":"product_tag-table-base","23":"product_tag-tischbasis","24":"product_tag-tafels-3","25":"product_tag-horeca-tafels","26":"pa_product-frame-color-noir-framecolor-fr","27":"pa_product-more-colors-oui-fr","28":"pa_product-more-dimensions-oui-fr","29":"pa_product-seats-4-seats-fr","30":"pa_product-tabletop-color-bleu-tabletop-color-fr","31":"pa_product-usage-usage-interieur-fr","32":"pa_table-height-cm-7750-cm-fr","34":"first","35":"instock","36":"sale","37":"taxable","38":"shipping-taxable","39":"purchasable","40":"product-type-simple"},"_links":{"self":[{"href":"https:\/\/horecacenter.com\/fr\/wp-json\/wp\/v2\/product\/93667","targetHints":{"allow":["GET"]}}],"collection":[{"href":"https:\/\/horecacenter.com\/fr\/wp-json\/wp\/v2\/product"}],"about":[{"href":"https:\/\/horecacenter.com\/fr\/wp-json\/wp\/v2\/types\/product"}],"replies":[{"embeddable":true,"href":"https:\/\/horecacenter.com\/fr\/wp-json\/wp\/v2\/comments?post=93667"}],"version-history":[{"count":1,"href":"https:\/\/horecacenter.com\/fr\/wp-json\/wp\/v2\/product\/93667\/revisions"}],"predecessor-version":[{"id":174140,"href":"https:\/\/horecacenter.com\/fr\/wp-json\/wp\/v2\/product\/93667\/revisions\/174140"}],"wp:featuredmedia":[{"embeddable":true,"href":"https:\/\/horecacenter.com\/fr\/wp-json\/wp\/v2\/media\/93668"}],"wp:attachment":[{"href":"https:\/\/horecacenter.com\/fr\/wp-json\/wp\/v2\/media?parent=93667"}],"wp:term":[{"taxonomy":"product_brand","embeddable":true,"href":"https:\/\/horecacenter.com\/fr\/wp-json\/wp\/v2\/product_brand?post=93667"},{"taxonomy":"product_cat","embeddable":true,"href":"https:\/\/horecacenter.com\/fr\/wp-json\/wp\/v2\/product_cat?post=93667"},{"taxonomy":"product_tag","embeddable":true,"href":"https:\/\/horecacenter.com\/fr\/wp-json\/wp\/v2\/product_tag?post=93667"}],"curies":[{"name":"wp","href":"https:\/\/api.w.org\/{rel}","templated":true}]}}