{"id":93676,"date":"2024-05-13T11:14:02","date_gmt":"2024-05-13T11:14:02","guid":{"rendered":"https:\/\/horecacenter.com\/?post_type=product&#038;p=93676"},"modified":"2026-03-19T10:40:19","modified_gmt":"2026-03-19T10:40:19","slug":"table-avec-pied-pliable-de-cafe-restaurant-et-horeca-dublin-orange-60x60-cm","status":"publish","type":"product","link":"https:\/\/horecacenter.com\/fr\/produit\/table-avec-pied-pliable-de-cafe-restaurant-et-horeca-dublin-orange-60x60-cm\/","title":{"rendered":"Table de Restaurant Avec Pied Pliable &#8211; DUBLIN ORANGE &#8211; 60&#215;60 cm"},"content":{"rendered":"<p><i class=\"fas fa-check-circle description-icon-green\" aria-hidden=\"true\"><\/i><span style=\"color: #ff6600;\"> Les tables ne sont pas assembl\u00e9es.<\/span><br \/>\n<i class=\"fas fa-check-circle description-icon-green\" aria-hidden=\"true\"><\/i><span style=\"color: #339966;\"> Les plateaux de table ne sont pas pr\u00e9-perc\u00e9s.<\/span><br \/>\n<i class=\"fas fa-check-circle description-icon-green\" aria-hidden=\"true\"><\/i><span style=\"color: #ff6600;\"> Les vis sont incluses si les plateaux de table sont command\u00e9s avec les pieds de table.<\/span><br \/>\n<i class=\"fas fa-check-circle description-icon-green\" aria-hidden=\"true\"><\/i><span style=\"color: #339966;\"> Le mat\u00e9riel n\u00e9cessaire pour l\u2019assemblage est inclus dans la bo\u00eete.<\/span><\/p>\n","protected":false},"excerpt":{"rendered":"<p>Les tables ne sont pas assembl\u00e9es. Les plateaux de table ne sont pas pr\u00e9-perc\u00e9s. Les vis sont incluses si les<\/p>\n","protected":false},"featured_media":179904,"comment_status":"open","ping_status":"closed","template":"","meta":[],"product_brand":[],"product_cat":[10420,10520],"product_tag":[],"class_list":{"0":"post-93676","1":"product","2":"type-product","3":"status-publish","4":"has-post-thumbnail","6":"product_cat-tables-pliantes-fr","7":"product_cat-dublin-orange-assortiment-de-table","8":"pa_product-frame-color-noir-framecolor-fr","9":"pa_product-more-colors-oui-fr","10":"pa_product-more-dimensions-oui-fr","11":"pa_product-seats-2-seats-fr","12":"pa_product-tabletop-color-orange-tabletop-color-fr","13":"pa_product-usage-usage-interieur-fr","14":"pa_table-height-cm-74-cm-fr","16":"first","17":"instock","18":"sale","19":"taxable","20":"shipping-taxable","21":"purchasable","22":"product-type-simple"},"_links":{"self":[{"href":"https:\/\/horecacenter.com\/fr\/wp-json\/wp\/v2\/product\/93676","targetHints":{"allow":["GET"]}}],"collection":[{"href":"https:\/\/horecacenter.com\/fr\/wp-json\/wp\/v2\/product"}],"about":[{"href":"https:\/\/horecacenter.com\/fr\/wp-json\/wp\/v2\/types\/product"}],"replies":[{"embeddable":true,"href":"https:\/\/horecacenter.com\/fr\/wp-json\/wp\/v2\/comments?post=93676"}],"version-history":[{"count":3,"href":"https:\/\/horecacenter.com\/fr\/wp-json\/wp\/v2\/product\/93676\/revisions"}],"predecessor-version":[{"id":190436,"href":"https:\/\/horecacenter.com\/fr\/wp-json\/wp\/v2\/product\/93676\/revisions\/190436"}],"wp:featuredmedia":[{"embeddable":true,"href":"https:\/\/horecacenter.com\/fr\/wp-json\/wp\/v2\/media\/179904"}],"wp:attachment":[{"href":"https:\/\/horecacenter.com\/fr\/wp-json\/wp\/v2\/media?parent=93676"}],"wp:term":[{"taxonomy":"product_brand","embeddable":true,"href":"https:\/\/horecacenter.com\/fr\/wp-json\/wp\/v2\/product_brand?post=93676"},{"taxonomy":"product_cat","embeddable":true,"href":"https:\/\/horecacenter.com\/fr\/wp-json\/wp\/v2\/product_cat?post=93676"},{"taxonomy":"product_tag","embeddable":true,"href":"https:\/\/horecacenter.com\/fr\/wp-json\/wp\/v2\/product_tag?post=93676"}],"curies":[{"name":"wp","href":"https:\/\/api.w.org\/{rel}","templated":true}]}}