{"id":93888,"date":"2024-05-14T11:36:28","date_gmt":"2024-05-14T11:36:28","guid":{"rendered":"https:\/\/horecacenter.com\/?post_type=product&#038;p=93888"},"modified":"2026-03-23T12:33:26","modified_gmt":"2026-03-23T12:33:26","slug":"table-ronde-de-cafe-restaurant-et-horeca-faux-marbre-amber-70-cm-avec-pied-4","status":"publish","type":"product","link":"https:\/\/horecacenter.com\/fr\/produit\/table-ronde-de-cafe-restaurant-et-horeca-faux-marbre-amber-70-cm-avec-pied-4\/","title":{"rendered":"Table de Restaurant Ronde Avec Pied &#8211; FAUX MARBRE AMBER &#8211; \u00d870 cm"},"content":{"rendered":"<p><span style=\"color: #000000;\">La fausse pierre translucide est une collection de mat\u00e9riaux en feuille \u00e9l\u00e9gants et attrayants qui servent de marbre artificiel. Par cons\u00e9quent, la pierre fritt\u00e9e devient de plus en plus populaire dans la conception de meubles. La pierre fritt\u00e9e est tr\u00e8s robuste et d&rsquo;aspect naturel.<\/span><\/p>\n<p><span style=\"color: #000000;\">La pierre fritt\u00e9e <strong>n&rsquo;est pas de la vraie roche<\/strong>. Le plateau de la table est en pierre fritt\u00e9e et a un bel aspect marbr\u00e9. Il est r\u00e9sistant \u00e0 l&rsquo;eau et aux taches et facile \u00e0 nettoyer. Le mat\u00e9riau est r\u00e9sistant aux rayures.<\/span><\/p>\n<p><span style=\"color: #ff0000;\"><strong>Veuillez noter que ce n&rsquo;est pas du vrai marbre !<\/strong><\/span><\/p>\n<p><i class=\"fas fa-check-circle description-icon-green\" aria-hidden=\"true\"><\/i><span style=\"color: #ff6600;\"> Les tables ne sont pas assembl\u00e9es.<\/span><br \/>\n<i class=\"fas fa-check-circle description-icon-green\" aria-hidden=\"true\"><\/i><span style=\"color: #339966;\"> Les plateaux de table ne sont pas pr\u00e9-perc\u00e9s.<\/span><br \/>\n<i class=\"fas fa-check-circle description-icon-green\" aria-hidden=\"true\"><\/i><span style=\"color: #ff6600;\"> Les vis sont incluses si les plateaux de table sont command\u00e9s avec les pieds de table.<\/span><br \/>\n<i class=\"fas fa-check-circle description-icon-green\" aria-hidden=\"true\"><\/i><span style=\"color: #339966;\"> Le mat\u00e9riel n\u00e9cessaire pour l\u2019assemblage est inclus dans la bo\u00eete.<\/span><\/p>\n","protected":false},"excerpt":{"rendered":"<p>La fausse pierre translucide est une collection de mat\u00e9riaux en feuille \u00e9l\u00e9gants et attrayants qui servent de marbre artificiel. Par<\/p>\n","protected":false},"featured_media":93889,"comment_status":"open","ping_status":"closed","template":"","meta":[],"product_brand":[],"product_cat":[10528],"product_tag":[10660,10663,10664,10787,11006,11013],"class_list":{"0":"post-93888","1":"product","2":"type-product","3":"status-publish","4":"has-post-thumbnail","6":"product_cat-faux-marbre-amber-assortiment-de-table","7":"product_tag-restaurant-meubelen","8":"product_tag-meubles-de-restaurant","9":"product_tag-restaurant-furniture","10":"product_tag-table-2","11":"product_tag-tafel","12":"product_tag-tisch","13":"pa_product-frame-color-noir-framecolor-fr","14":"pa_product-frame-color-or-frame-color-fr","15":"pa_product-more-colors-oui-fr","16":"pa_product-more-dimensions-oui-fr","17":"pa_product-seats-2-seats-fr","18":"pa_product-tabletop-color-multicolore-tabletop-color-fr","19":"pa_product-tabletop-color-noir-tabletop-color-fr","20":"pa_product-usage-usage-interieur-fr","21":"pa_table-height-cm-7550-cm-fr","23":"first","24":"outofstock","25":"sale","26":"taxable","27":"shipping-taxable","28":"purchasable","29":"product-type-simple"},"_links":{"self":[{"href":"https:\/\/horecacenter.com\/fr\/wp-json\/wp\/v2\/product\/93888","targetHints":{"allow":["GET"]}}],"collection":[{"href":"https:\/\/horecacenter.com\/fr\/wp-json\/wp\/v2\/product"}],"about":[{"href":"https:\/\/horecacenter.com\/fr\/wp-json\/wp\/v2\/types\/product"}],"replies":[{"embeddable":true,"href":"https:\/\/horecacenter.com\/fr\/wp-json\/wp\/v2\/comments?post=93888"}],"version-history":[{"count":2,"href":"https:\/\/horecacenter.com\/fr\/wp-json\/wp\/v2\/product\/93888\/revisions"}],"predecessor-version":[{"id":187665,"href":"https:\/\/horecacenter.com\/fr\/wp-json\/wp\/v2\/product\/93888\/revisions\/187665"}],"wp:featuredmedia":[{"embeddable":true,"href":"https:\/\/horecacenter.com\/fr\/wp-json\/wp\/v2\/media\/93889"}],"wp:attachment":[{"href":"https:\/\/horecacenter.com\/fr\/wp-json\/wp\/v2\/media?parent=93888"}],"wp:term":[{"taxonomy":"product_brand","embeddable":true,"href":"https:\/\/horecacenter.com\/fr\/wp-json\/wp\/v2\/product_brand?post=93888"},{"taxonomy":"product_cat","embeddable":true,"href":"https:\/\/horecacenter.com\/fr\/wp-json\/wp\/v2\/product_cat?post=93888"},{"taxonomy":"product_tag","embeddable":true,"href":"https:\/\/horecacenter.com\/fr\/wp-json\/wp\/v2\/product_tag?post=93888"}],"curies":[{"name":"wp","href":"https:\/\/api.w.org\/{rel}","templated":true}]}}